{"id":5402,"date":"2024-09-27T15:10:39","date_gmt":"2024-09-27T12:10:39","guid":{"rendered":"https:\/\/norre.fi\/?page_id=5402"},"modified":"2024-09-27T15:22:49","modified_gmt":"2024-09-27T12:22:49","slug":"ohjeet-valmistautumiseen","status":"publish","type":"page","link":"https:\/\/norre.fi\/en\/ohjeet-valmistautumiseen\/","title":{"rendered":"Ohjeet valmistautumiseen"},"content":{"rendered":"<div data-elementor-type=\"wp-page\" data-elementor-id=\"5402\" class=\"elementor elementor-5402\" data-elementor-post-type=\"page\">\n\t\t\t\t\t\t<section class=\"elementor-section elementor-top-section elementor-element elementor-element-1343e83 elementor-section-boxed elementor-section-height-default elementor-section-height-default\" data-id=\"1343e83\" data-element_type=\"section\" data-e-type=\"section\">\n\t\t\t\t\t\t<div class=\"elementor-container elementor-column-gap-default\">\n\t\t\t\t\t<div class=\"elementor-column elementor-col-100 elementor-top-column elementor-element elementor-element-cb51c4b\" data-id=\"cb51c4b\" data-element_type=\"column\" data-e-type=\"column\">\n\t\t\t<div class=\"elementor-widget-wrap elementor-element-populated\">\n\t\t\t\t\t\t<div class=\"elementor-element elementor-element-e35b54b elementor-align-left elementor-widget elementor-widget-global elementor-global-4043 elementor-widget-breadcrumbs\" data-id=\"e35b54b\" data-element_type=\"widget\" data-e-type=\"widget\" data-widget_type=\"breadcrumbs.default\">\n\t\t\t\t<div class=\"elementor-widget-container\">\n\t\t\t\t\t<div id=\"breadcrumbs\"><span><span><a href=\"https:\/\/norre.fi\/en\/\">Front page<\/a><\/span><\/span><\/div>\t\t\t\t<\/div>\n\t\t\t\t<\/div>\n\t\t\t\t\t<\/div>\n\t\t<\/div>\n\t\t\t\t\t<\/div>\n\t\t<\/section>\n\t\t\t\t<section class=\"elementor-section elementor-top-section elementor-element elementor-element-0740dd6 elementor-reverse-mobile elementor-section-boxed elementor-section-height-default elementor-section-height-default\" data-id=\"0740dd6\" data-element_type=\"section\" data-e-type=\"section\" data-settings=\"{&quot;background_background&quot;:&quot;classic&quot;}\">\n\t\t\t\t\t\t<div class=\"elementor-container elementor-column-gap-default\">\n\t\t\t\t\t<div class=\"elementor-column elementor-col-50 elementor-top-column elementor-element elementor-element-c1216a9\" data-id=\"c1216a9\" data-element_type=\"column\" data-e-type=\"column\">\n\t\t\t<div class=\"elementor-widget-wrap elementor-element-populated\">\n\t\t\t\t\t\t<div class=\"elementor-element elementor-element-11d5ab3 elementor-widget elementor-widget-image\" data-id=\"11d5ab3\" data-element_type=\"widget\" data-e-type=\"widget\" data-widget_type=\"image.default\">\n\t\t\t\t<div class=\"elementor-widget-container\">\n\t\t\t\t\t\t\t\t\t\t\t\t\t\t\t<img fetchpriority=\"high\" decoding=\"async\" width=\"1920\" height=\"1407\" src=\"https:\/\/norre.fi\/wp-content\/uploads\/2024\/09\/katri_ja_potilas.webp\" class=\"attachment-full size-full wp-image-5405\" alt=\"Katri ja potilas\" srcset=\"https:\/\/norre.fi\/wp-content\/uploads\/2024\/09\/katri_ja_potilas.webp 1920w, https:\/\/norre.fi\/wp-content\/uploads\/2024\/09\/katri_ja_potilas-300x220.webp 300w, https:\/\/norre.fi\/wp-content\/uploads\/2024\/09\/katri_ja_potilas-1024x751.webp 1024w, https:\/\/norre.fi\/wp-content\/uploads\/2024\/09\/katri_ja_potilas-768x563.webp 768w, https:\/\/norre.fi\/wp-content\/uploads\/2024\/09\/katri_ja_potilas-1536x1126.webp 1536w, https:\/\/norre.fi\/wp-content\/uploads\/2024\/09\/katri_ja_potilas-16x12.webp 16w\" sizes=\"(max-width: 1920px) 100vw, 1920px\" \/>\t\t\t\t\t\t\t\t\t\t\t\t\t\t\t<\/div>\n\t\t\t\t<\/div>\n\t\t\t\t\t<\/div>\n\t\t<\/div>\n\t\t\t\t<div class=\"elementor-column elementor-col-50 elementor-top-column elementor-element elementor-element-eca44bb\" data-id=\"eca44bb\" data-element_type=\"column\" data-e-type=\"column\">\n\t\t\t<div class=\"elementor-widget-wrap elementor-element-populated\">\n\t\t\t\t\t\t<div class=\"elementor-element elementor-element-8f2affe elementor-widget-divider--view-line_text elementor-widget-divider--element-align-left elementor-widget__width-inherit elementor-widget elementor-widget-divider\" data-id=\"8f2affe\" data-element_type=\"widget\" data-e-type=\"widget\" data-widget_type=\"divider.default\">\n\t\t\t\t<div class=\"elementor-widget-container\">\n\t\t\t\t\t\t\t<div class=\"elementor-divider\">\n\t\t\t<span class=\"elementor-divider-separator\">\n\t\t\t\t\t\t\t<span class=\"elementor-divider__text elementor-divider__element\">\n\t\t\t\t01\t\t\t\t<\/span>\n\t\t\t\t\t\t<\/span>\n\t\t<\/div>\n\t\t\t\t\t\t<\/div>\n\t\t\t\t<\/div>\n\t\t\t\t<div class=\"elementor-element elementor-element-059f2dc elementor-widget elementor-widget-heading\" data-id=\"059f2dc\" data-element_type=\"widget\" data-e-type=\"widget\" data-widget_type=\"heading.default\">\n\t\t\t\t<div class=\"elementor-widget-container\">\n\t\t\t\t\t<h2 class=\"elementor-heading-title elementor-size-default\">Laboratoriokokeet<\/h2>\t\t\t\t<\/div>\n\t\t\t\t<\/div>\n\t\t\t\t<div class=\"elementor-element elementor-element-8a04f01 elementor-widget elementor-widget-text-editor\" data-id=\"8a04f01\" data-element_type=\"widget\" data-e-type=\"widget\" data-widget_type=\"text-editor.default\">\n\t\t\t\t<div class=\"elementor-widget-container\">\n\t\t\t\t\t\t\t\t\t<p>Kun yrityksen ty\u00f6ntekij\u00e4t ovat saaneet kutsun k\u00e4ytt\u00e4m\u00e4\u00e4n Norren lis\u00e4palveluita, on laboratoriol\u00e4hetteet jo tehty valmiiksi.<\/p><p>Kyseess\u00e4 on verikoe, jota varten ei tarvitse olla sy\u00f6m\u00e4tt\u00e4 eik\u00e4 juomatta.\u00a0 Kannattaa kuitenkin huomioida, ettei ole pariin tuntiin ennen koetta sy\u00f6nyt hyvin rasvaista ateriaa (kolesteroliarvojen vuoksi).<\/p><p>Verikokeista tutkitaan pieni verenkuva, maksa- ja munuaisarvot, d-vitamiinitaso, ferritiini eli veren rautavarastot, kilpirauhasarvo sek\u00e4 nk 3 kk sokeriarvo eli pitk\u00e4aikaissokeriarvo.<\/p><p><b>a) Voit joko asioida NordLabissa ilman ajanvarausta<\/b><\/p><ul><li><b>Oulun keskusta, Pakkahuoneenkatu 11<br \/><\/b>Avoinna ma-to klo 7.00-14.30<br \/>pe klo 7.00-13.30<\/li><li><b>OYS Avohoitotalo G 01 -aulassa<br \/><\/b>Avoinna ma-pe klo 7.00-14.30<\/li><\/ul><div>\u00a0<\/div><div>NordLabilta on kerrottu, ett\u00e4 Pakkahuoneenkatu ei ole niin ruuhkainen aamusta kuin Avohoitotalon ajaton n\u00e4ytteenotto.<\/div><div>\u00a0<\/div><p><strong>b) Tai <a href=\"https:\/\/nordlab.vihta.com\/nordlab\/#\/reservation\" target=\"_blank\" rel=\"noopener\">varata ajan<\/a> mihin tahansa NordLabin toimipisteeseen<\/strong><\/p>\t\t\t\t\t\t\t\t<\/div>\n\t\t\t\t<\/div>\n\t\t\t\t\t<\/div>\n\t\t<\/div>\n\t\t\t\t\t<\/div>\n\t\t<\/section>\n\t\t\t\t<section class=\"elementor-section elementor-top-section elementor-element elementor-element-a8b8aec elementor-section-boxed elementor-section-height-default elementor-section-height-default\" data-id=\"a8b8aec\" data-element_type=\"section\" data-e-type=\"section\" data-settings=\"{&quot;background_background&quot;:&quot;classic&quot;}\">\n\t\t\t\t\t\t<div class=\"elementor-container elementor-column-gap-default\">\n\t\t\t\t\t<div class=\"elementor-column elementor-col-50 elementor-top-column elementor-element elementor-element-f270832\" data-id=\"f270832\" data-element_type=\"column\" data-e-type=\"column\">\n\t\t\t<div class=\"elementor-widget-wrap elementor-element-populated\">\n\t\t\t\t\t\t<div class=\"elementor-element elementor-element-60c5f58 elementor-widget-divider--view-line_text elementor-widget-divider--element-align-left elementor-widget__width-inherit elementor-widget elementor-widget-divider\" data-id=\"60c5f58\" data-element_type=\"widget\" data-e-type=\"widget\" data-widget_type=\"divider.default\">\n\t\t\t\t<div class=\"elementor-widget-container\">\n\t\t\t\t\t\t\t<div class=\"elementor-divider\">\n\t\t\t<span class=\"elementor-divider-separator\">\n\t\t\t\t\t\t\t<span class=\"elementor-divider__text elementor-divider__element\">\n\t\t\t\t02\t\t\t\t<\/span>\n\t\t\t\t\t\t<\/span>\n\t\t<\/div>\n\t\t\t\t\t\t<\/div>\n\t\t\t\t<\/div>\n\t\t\t\t<div class=\"elementor-element elementor-element-dad4a9f elementor-widget elementor-widget-heading\" data-id=\"dad4a9f\" data-element_type=\"widget\" data-e-type=\"widget\" data-widget_type=\"heading.default\">\n\t\t\t\t<div class=\"elementor-widget-container\">\n\t\t\t\t\t<h2 class=\"elementor-heading-title elementor-size-default\">Kuntotesti<\/h2>\t\t\t\t<\/div>\n\t\t\t\t<\/div>\n\t\t\t\t<div class=\"elementor-element elementor-element-587f172 elementor-widget elementor-widget-text-editor\" data-id=\"587f172\" data-element_type=\"widget\" data-e-type=\"widget\" data-widget_type=\"text-editor.default\">\n\t\t\t\t<div class=\"elementor-widget-container\">\n\t\t\t\t\t\t\t\t\t<p>Yleiset valmistautumisohjeet kuntotesti\u00e4 ja kehonkoostumusmittausta varten<\/p><ul><li>Testiin ei voi osallistua sairaana, loukkaantuneena tai toipilaana (kuumeettomana v\u00e4hint\u00e4\u00e4n 14 vuorokautta)<\/li><li>Tulethan hyviss\u00e4 ajoin paikalle<\/li><li>Ei tuhtia ateriointia, kahvia, teet\u00e4 tai kolajuomia 2 tuntiin ennen testi\u00e4<\/li><li>Ei tupakointia 4 tuntiin ennen testi\u00e4<\/li><li>Ei alkoholia 48 tuntiin ennen testi\u00e4<\/li><li>V\u00e4lt\u00e4 voimakasta fyysist\u00e4 rasitusta testi\u00e4 edelt\u00e4v\u00e4n\u00e4 p\u00e4iv\u00e4n\u00e4 sek\u00e4 testip\u00e4iv\u00e4n\u00e4<\/li><li>Varaa mukaan kirist\u00e4m\u00e4t\u00f6n liikuntavaatetus ja peseytymisv\u00e4lineet. Pukuhuoneissa my\u00f6s suihkutilat!<ul><li>Liikuntavarusteita ei tarvita, jos haluat tehd\u00e4 testin urheilukellolla<\/li><\/ul><\/li><li><b>Mik\u00e4li sinulla on syd\u00e4nsairauksia tai muita fyysist\u00e4 toimintakyky\u00e4 rajoittavia sairauksia, ilmoita asiasta testivarauksen yhteydess\u00e4.<\/b><\/li><\/ul>\t\t\t\t\t\t\t\t<\/div>\n\t\t\t\t<\/div>\n\t\t\t\t\t<\/div>\n\t\t<\/div>\n\t\t\t\t<div class=\"elementor-column elementor-col-50 elementor-top-column elementor-element elementor-element-5036ef6\" data-id=\"5036ef6\" data-element_type=\"column\" data-e-type=\"column\">\n\t\t\t<div class=\"elementor-widget-wrap elementor-element-populated\">\n\t\t\t\t\t\t<div class=\"elementor-element elementor-element-089a861 elementor-widget elementor-widget-image\" data-id=\"089a861\" data-element_type=\"widget\" data-e-type=\"widget\" data-widget_type=\"image.default\">\n\t\t\t\t<div class=\"elementor-widget-container\">\n\t\t\t\t\t\t\t\t\t\t\t\t\t\t\t<img decoding=\"async\" width=\"1920\" height=\"1407\" src=\"https:\/\/norre.fi\/wp-content\/uploads\/2024\/09\/kaveylymatto.webp\" class=\"attachment-full size-full wp-image-5409\" alt=\"K\u00e4velymatto\" srcset=\"https:\/\/norre.fi\/wp-content\/uploads\/2024\/09\/kaveylymatto.webp 1920w, https:\/\/norre.fi\/wp-content\/uploads\/2024\/09\/kaveylymatto-300x220.webp 300w, https:\/\/norre.fi\/wp-content\/uploads\/2024\/09\/kaveylymatto-1024x751.webp 1024w, https:\/\/norre.fi\/wp-content\/uploads\/2024\/09\/kaveylymatto-768x563.webp 768w, https:\/\/norre.fi\/wp-content\/uploads\/2024\/09\/kaveylymatto-1536x1126.webp 1536w, https:\/\/norre.fi\/wp-content\/uploads\/2024\/09\/kaveylymatto-16x12.webp 16w\" sizes=\"(max-width: 1920px) 100vw, 1920px\" \/>\t\t\t\t\t\t\t\t\t\t\t\t\t\t\t<\/div>\n\t\t\t\t<\/div>\n\t\t\t\t\t<\/div>\n\t\t<\/div>\n\t\t\t\t\t<\/div>\n\t\t<\/section>\n\t\t\t\t<\/div>","protected":false},"excerpt":{"rendered":"<p>01 Laboratoriokokeet Kun yrityksen ty\u00f6ntekij\u00e4t ovat saaneet kutsun k\u00e4ytt\u00e4m\u00e4\u00e4n Norren lis\u00e4palveluita, on laboratoriol\u00e4hetteet jo tehty valmiiksi. Kyseess\u00e4 on verikoe, jota varten ei tarvitse olla sy\u00f6m\u00e4tt\u00e4 eik\u00e4 juomatta.\u00a0 Kannattaa kuitenkin huomioida, ettei ole pariin tuntiin ennen koetta sy\u00f6nyt hyvin rasvaista ateriaa (kolesteroliarvojen vuoksi). Verikokeista tutkitaan pieni verenkuva, maksa- ja munuaisarvot, d-vitamiinitaso, ferritiini eli veren rautavarastot, kilpirauhasarvo [&hellip;]<\/p>\n","protected":false},"author":4,"featured_media":5417,"parent":0,"menu_order":0,"comment_status":"closed","ping_status":"closed","template":"elementor_header_footer","meta":{"_acf_changed":false,"footnotes":""},"class_list":["post-5402","page","type-page","status-publish","has-post-thumbnail","hentry"],"acf":[],"yoast_head":"<!-- This site is optimized with the Yoast SEO plugin v27.4 - https:\/\/yoast.com\/product\/yoast-seo-wordpress\/ -->\n<title>Ohjeet valmistautumiseen - Norre Ty&ouml;terveys<\/title>\n<meta name=\"description\" content=\"Norre Ty\u00f6terveys erottuu muista ty\u00f6terveyspalvelujen tarjoajista sairaanhoidossa, ennaltaehk\u00e4isyty\u00f6ss\u00e4 ja hinnoittelussa.\" \/>\n<meta name=\"robots\" content=\"index, follow, max-snippet:-1, max-image-preview:large, max-video-preview:-1\" \/>\n<link rel=\"canonical\" href=\"https:\/\/norre.fi\/en\/ohjeet-valmistautumiseen\/\" \/>\n<meta property=\"og:locale\" content=\"en_US\" \/>\n<meta property=\"og:type\" content=\"article\" \/>\n<meta property=\"og:title\" content=\"Ohjeet valmistautumiseen - Norre Ty&ouml;terveys\" \/>\n<meta property=\"og:description\" content=\"Norre Ty\u00f6terveys erottuu muista ty\u00f6terveyspalvelujen tarjoajista sairaanhoidossa, ennaltaehk\u00e4isyty\u00f6ss\u00e4 ja hinnoittelussa.\" \/>\n<meta property=\"og:url\" content=\"https:\/\/norre.fi\/en\/ohjeet-valmistautumiseen\/\" \/>\n<meta property=\"og:site_name\" content=\"Norre Ty&ouml;terveys\" \/>\n<meta property=\"article:modified_time\" content=\"2024-09-27T12:22:49+00:00\" \/>\n<meta property=\"og:image\" content=\"https:\/\/norre.fi\/wp-content\/uploads\/2024\/09\/katri_ja_potilas_wide-scaled.webp\" \/>\n\t<meta property=\"og:image:width\" content=\"1920\" \/>\n\t<meta property=\"og:image:height\" content=\"960\" \/>\n\t<meta property=\"og:image:type\" content=\"image\/webp\" \/>\n<meta name=\"twitter:card\" content=\"summary_large_image\" \/>\n<meta name=\"twitter:label1\" content=\"Est. reading time\" \/>\n\t<meta name=\"twitter:data1\" content=\"2 minutes\" \/>\n<script type=\"application\/ld+json\" class=\"yoast-schema-graph\">{\"@context\":\"https:\\\/\\\/schema.org\",\"@graph\":[{\"@type\":\"WebPage\",\"@id\":\"https:\\\/\\\/norre.fi\\\/ohjeet-valmistautumiseen\\\/\",\"url\":\"https:\\\/\\\/norre.fi\\\/ohjeet-valmistautumiseen\\\/\",\"name\":\"Ohjeet valmistautumiseen - Norre Ty&ouml;terveys\",\"isPartOf\":{\"@id\":\"https:\\\/\\\/norre.fi\\\/#website\"},\"primaryImageOfPage\":{\"@id\":\"https:\\\/\\\/norre.fi\\\/ohjeet-valmistautumiseen\\\/#primaryimage\"},\"image\":{\"@id\":\"https:\\\/\\\/norre.fi\\\/ohjeet-valmistautumiseen\\\/#primaryimage\"},\"thumbnailUrl\":\"https:\\\/\\\/norre.fi\\\/wp-content\\\/uploads\\\/2024\\\/09\\\/katri_ja_potilas_wide-scaled.webp\",\"datePublished\":\"2024-09-27T12:10:39+00:00\",\"dateModified\":\"2024-09-27T12:22:49+00:00\",\"description\":\"Norre Ty\u00f6terveys erottuu muista ty\u00f6terveyspalvelujen tarjoajista sairaanhoidossa, ennaltaehk\u00e4isyty\u00f6ss\u00e4 ja hinnoittelussa.\",\"breadcrumb\":{\"@id\":\"https:\\\/\\\/norre.fi\\\/ohjeet-valmistautumiseen\\\/#breadcrumb\"},\"inLanguage\":\"en-US\",\"potentialAction\":[{\"@type\":\"ReadAction\",\"target\":[\"https:\\\/\\\/norre.fi\\\/ohjeet-valmistautumiseen\\\/\"]}]},{\"@type\":\"ImageObject\",\"inLanguage\":\"en-US\",\"@id\":\"https:\\\/\\\/norre.fi\\\/ohjeet-valmistautumiseen\\\/#primaryimage\",\"url\":\"https:\\\/\\\/norre.fi\\\/wp-content\\\/uploads\\\/2024\\\/09\\\/katri_ja_potilas_wide-scaled.webp\",\"contentUrl\":\"https:\\\/\\\/norre.fi\\\/wp-content\\\/uploads\\\/2024\\\/09\\\/katri_ja_potilas_wide-scaled.webp\",\"width\":1920,\"height\":960,\"caption\":\"Katri ja potilas\"},{\"@type\":\"BreadcrumbList\",\"@id\":\"https:\\\/\\\/norre.fi\\\/ohjeet-valmistautumiseen\\\/#breadcrumb\",\"itemListElement\":[{\"@type\":\"ListItem\",\"position\":1,\"name\":\"Etusivu\",\"item\":\"https:\\\/\\\/norre.fi\\\/\"},{\"@type\":\"ListItem\",\"position\":2,\"name\":\"Ohjeet valmistautumiseen\"}]},{\"@type\":\"WebSite\",\"@id\":\"https:\\\/\\\/norre.fi\\\/#website\",\"url\":\"https:\\\/\\\/norre.fi\\\/\",\"name\":\"Norre Ty&ouml;terveys\",\"description\":\"Tule kanssamme uudistamaan ty&ouml;terveysalaa!\",\"publisher\":{\"@id\":\"https:\\\/\\\/norre.fi\\\/#organization\"},\"potentialAction\":[{\"@type\":\"SearchAction\",\"target\":{\"@type\":\"EntryPoint\",\"urlTemplate\":\"https:\\\/\\\/norre.fi\\\/?s={search_term_string}\"},\"query-input\":{\"@type\":\"PropertyValueSpecification\",\"valueRequired\":true,\"valueName\":\"search_term_string\"}}],\"inLanguage\":\"en-US\"},{\"@type\":\"Organization\",\"@id\":\"https:\\\/\\\/norre.fi\\\/#organization\",\"name\":\"Norre Ty\u00f6terveys Oy\",\"url\":\"https:\\\/\\\/norre.fi\\\/\",\"logo\":{\"@type\":\"ImageObject\",\"inLanguage\":\"en-US\",\"@id\":\"https:\\\/\\\/norre.fi\\\/#\\\/schema\\\/logo\\\/image\\\/\",\"url\":\"https:\\\/\\\/norre.fi\\\/wp-content\\\/uploads\\\/2020\\\/08\\\/norre-logo.svg\",\"contentUrl\":\"https:\\\/\\\/norre.fi\\\/wp-content\\\/uploads\\\/2020\\\/08\\\/norre-logo.svg\",\"caption\":\"Norre Ty\u00f6terveys Oy\"},\"image\":{\"@id\":\"https:\\\/\\\/norre.fi\\\/#\\\/schema\\\/logo\\\/image\\\/\"},\"sameAs\":[\"https:\\\/\\\/www.linkedin.com\\\/company\\\/norre-tyterveys\\\/\"]}]}<\/script>\n<!-- \/ Yoast SEO plugin. -->","yoast_head_json":{"title":"Ohjeet valmistautumiseen - Norre Ty&ouml;terveys","description":"Norre Ty\u00f6terveys erottuu muista ty\u00f6terveyspalvelujen tarjoajista sairaanhoidossa, ennaltaehk\u00e4isyty\u00f6ss\u00e4 ja hinnoittelussa.","robots":{"index":"index","follow":"follow","max-snippet":"max-snippet:-1","max-image-preview":"max-image-preview:large","max-video-preview":"max-video-preview:-1"},"canonical":"https:\/\/norre.fi\/en\/ohjeet-valmistautumiseen\/","og_locale":"en_US","og_type":"article","og_title":"Ohjeet valmistautumiseen - Norre Ty&ouml;terveys","og_description":"Norre Ty\u00f6terveys erottuu muista ty\u00f6terveyspalvelujen tarjoajista sairaanhoidossa, ennaltaehk\u00e4isyty\u00f6ss\u00e4 ja hinnoittelussa.","og_url":"https:\/\/norre.fi\/en\/ohjeet-valmistautumiseen\/","og_site_name":"Norre Ty&ouml;terveys","article_modified_time":"2024-09-27T12:22:49+00:00","og_image":[{"width":1920,"height":960,"url":"https:\/\/norre.fi\/wp-content\/uploads\/2024\/09\/katri_ja_potilas_wide-scaled.webp","type":"image\/webp"}],"twitter_card":"summary_large_image","twitter_misc":{"Est. reading time":"2 minutes"},"schema":{"@context":"https:\/\/schema.org","@graph":[{"@type":"WebPage","@id":"https:\/\/norre.fi\/ohjeet-valmistautumiseen\/","url":"https:\/\/norre.fi\/ohjeet-valmistautumiseen\/","name":"Ohjeet valmistautumiseen - Norre Ty&ouml;terveys","isPartOf":{"@id":"https:\/\/norre.fi\/#website"},"primaryImageOfPage":{"@id":"https:\/\/norre.fi\/ohjeet-valmistautumiseen\/#primaryimage"},"image":{"@id":"https:\/\/norre.fi\/ohjeet-valmistautumiseen\/#primaryimage"},"thumbnailUrl":"https:\/\/norre.fi\/wp-content\/uploads\/2024\/09\/katri_ja_potilas_wide-scaled.webp","datePublished":"2024-09-27T12:10:39+00:00","dateModified":"2024-09-27T12:22:49+00:00","description":"Norre Ty\u00f6terveys erottuu muista ty\u00f6terveyspalvelujen tarjoajista sairaanhoidossa, ennaltaehk\u00e4isyty\u00f6ss\u00e4 ja hinnoittelussa.","breadcrumb":{"@id":"https:\/\/norre.fi\/ohjeet-valmistautumiseen\/#breadcrumb"},"inLanguage":"en-US","potentialAction":[{"@type":"ReadAction","target":["https:\/\/norre.fi\/ohjeet-valmistautumiseen\/"]}]},{"@type":"ImageObject","inLanguage":"en-US","@id":"https:\/\/norre.fi\/ohjeet-valmistautumiseen\/#primaryimage","url":"https:\/\/norre.fi\/wp-content\/uploads\/2024\/09\/katri_ja_potilas_wide-scaled.webp","contentUrl":"https:\/\/norre.fi\/wp-content\/uploads\/2024\/09\/katri_ja_potilas_wide-scaled.webp","width":1920,"height":960,"caption":"Katri ja potilas"},{"@type":"BreadcrumbList","@id":"https:\/\/norre.fi\/ohjeet-valmistautumiseen\/#breadcrumb","itemListElement":[{"@type":"ListItem","position":1,"name":"Etusivu","item":"https:\/\/norre.fi\/"},{"@type":"ListItem","position":2,"name":"Ohjeet valmistautumiseen"}]},{"@type":"WebSite","@id":"https:\/\/norre.fi\/#website","url":"https:\/\/norre.fi\/","name":"Norre Ty&ouml;terveys","description":"Tule kanssamme uudistamaan ty&ouml;terveysalaa!","publisher":{"@id":"https:\/\/norre.fi\/#organization"},"potentialAction":[{"@type":"SearchAction","target":{"@type":"EntryPoint","urlTemplate":"https:\/\/norre.fi\/?s={search_term_string}"},"query-input":{"@type":"PropertyValueSpecification","valueRequired":true,"valueName":"search_term_string"}}],"inLanguage":"en-US"},{"@type":"Organization","@id":"https:\/\/norre.fi\/#organization","name":"Norre Ty\u00f6terveys Oy","url":"https:\/\/norre.fi\/","logo":{"@type":"ImageObject","inLanguage":"en-US","@id":"https:\/\/norre.fi\/#\/schema\/logo\/image\/","url":"https:\/\/norre.fi\/wp-content\/uploads\/2020\/08\/norre-logo.svg","contentUrl":"https:\/\/norre.fi\/wp-content\/uploads\/2020\/08\/norre-logo.svg","caption":"Norre Ty\u00f6terveys Oy"},"image":{"@id":"https:\/\/norre.fi\/#\/schema\/logo\/image\/"},"sameAs":["https:\/\/www.linkedin.com\/company\/norre-tyterveys\/"]}]}},"_links":{"self":[{"href":"https:\/\/norre.fi\/en\/wp-json\/wp\/v2\/pages\/5402","targetHints":{"allow":["GET"]}}],"collection":[{"href":"https:\/\/norre.fi\/en\/wp-json\/wp\/v2\/pages"}],"about":[{"href":"https:\/\/norre.fi\/en\/wp-json\/wp\/v2\/types\/page"}],"author":[{"embeddable":true,"href":"https:\/\/norre.fi\/en\/wp-json\/wp\/v2\/users\/4"}],"replies":[{"embeddable":true,"href":"https:\/\/norre.fi\/en\/wp-json\/wp\/v2\/comments?post=5402"}],"version-history":[{"count":24,"href":"https:\/\/norre.fi\/en\/wp-json\/wp\/v2\/pages\/5402\/revisions"}],"predecessor-version":[{"id":5432,"href":"https:\/\/norre.fi\/en\/wp-json\/wp\/v2\/pages\/5402\/revisions\/5432"}],"wp:featuredmedia":[{"embeddable":true,"href":"https:\/\/norre.fi\/en\/wp-json\/wp\/v2\/media\/5417"}],"wp:attachment":[{"href":"https:\/\/norre.fi\/en\/wp-json\/wp\/v2\/media?parent=5402"}],"curies":[{"name":"wp","href":"https:\/\/api.w.org\/{rel}","templated":true}]}}