{"id":3,"date":"2020-02-24T12:14:03","date_gmt":"2020-02-24T12:14:03","guid":{"rendered":"https:\/\/norre.fi\/?page_id=3"},"modified":"2026-03-27T20:12:49","modified_gmt":"2026-03-27T18:12:49","slug":"tietosuojaseloste","status":"publish","type":"page","link":"https:\/\/norre.fi\/en\/tietosuojaseloste\/","title":{"rendered":"Privacy policy"},"content":{"rendered":"<div data-elementor-type=\"wp-page\" data-elementor-id=\"3\" class=\"elementor elementor-3\" data-elementor-post-type=\"page\">\n\t\t\t\t\t\t<section class=\"elementor-section elementor-top-section elementor-element elementor-element-3cba4971 elementor-section-boxed elementor-section-height-default elementor-section-height-default\" data-id=\"3cba4971\" data-element_type=\"section\" data-e-type=\"section\">\n\t\t\t\t\t\t<div class=\"elementor-container elementor-column-gap-default\">\n\t\t\t\t\t<div class=\"elementor-column elementor-col-100 elementor-top-column elementor-element elementor-element-5d2b5b24\" data-id=\"5d2b5b24\" data-element_type=\"column\" data-e-type=\"column\">\n\t\t\t<div class=\"elementor-widget-wrap elementor-element-populated\">\n\t\t\t\t\t\t<div class=\"elementor-element elementor-element-e8e6802 elementor-widget elementor-widget-text-editor\" data-id=\"e8e6802\" data-element_type=\"widget\" data-e-type=\"widget\" data-widget_type=\"text-editor.default\">\n\t\t\t\t<div class=\"elementor-widget-container\">\n\t\t\t\t\t\t\t\t\t<p><strong>Rekisterinpit\u00e4j\u00e4:<\/strong><\/p><p>Norre Ty\u00f6terveys Oulu Oy<br \/>Linnunrata 26, 90440 Kempele<br \/>Y-tunnus: 3341787-3<\/p><p><strong>1. Henkil\u00f6tietojen k\u00e4sittelyn tarkoitus<\/strong><\/p><p>Henkil\u00f6tietojen k\u00e4sittelyn tarkoituksena on asiakassuhteen hoitaminen, asiakkaan ja rekisterinpit\u00e4j\u00e4n oikeuksien ja velvollisuuksien toteuttaminen. Henkil\u00f6tietoa tallennetaan ja k\u00e4sitell\u00e4\u00e4n Norren markkinoinnin ja myynnin suuntaamiseen asiakastietojen perusteella rekisterinpit\u00e4j\u00e4n viestimien ja palveluiden kautta, luovuttamatta henkil\u00f6tietoja ulkopuoliselle taholle.<\/p><p>P\u00e4\u00e4asiallisia k\u00e4ytt\u00f6tarkoituksia ovat:<\/p><p>\u2022 Sopimusvelvoitteidemme suorittaminen<br \/>\u2022 Kontaktin luominen potentiaaliseen asiakkaaseen<br \/>\u2022 Asiakasviestint\u00e4 ja yhteydenottopyynt\u00f6ihin vastaaminen<br \/>\u2022 Uutiskirjeiden ja myyntimateriaalien l\u00e4hett\u00e4minen<br \/>\u2022 Markkinointiviestinta\u0308 sek\u00e4 markkina\u2010 ja mielipidetutkimukset<\/p><p><strong>2. Rekisterin tietosis\u00e4lt\u00f6<\/strong><\/p><p>Rekister\u00f6idyst\u00e4 voidaan tallentaa seuraavan kaltaisia tietoja:<\/p><p>\u2022 Nimi<br \/>\u2022 Osoitetiedot<br \/>\u2022 Puhelinnumero<br \/>\u2022 Sa\u0308hko\u0308postiosoite<br \/>\u2022 Laskutustiedot<br \/>\u2022 Palvelun kohteena olevan kiinteist\u00f6n tiedot<br \/>\u2022 Mahdolliset muut asiakkaan itsens\u00e4 antamat tiedot<\/p><p><strong>3. S\u00e4\u00e4nn\u00f6nmukaiset tietol\u00e4hteet<\/strong><\/p><p>Tietoja saadaan ensisijaisesti seuraavista l\u00e4hteist\u00e4:<\/p><p>\u2022 norre.fi \u2010verkkosivuston yhteydenottolomakkeet<br \/>\u2022 N\u00e4yttely\u2010 ja messuarvontalomakkeet<br \/>\u2022 Rekisterinpit\u00e4j\u00e4n yhteisty\u00f6kumppanit<br \/>\u2022 Julkiset yhteystietoja tarjoavat palvelut<br \/>\u2022 Rekister\u00f6ity itse asiakassuhteen syntyess\u00e4<\/p><p><strong>4. Tietojen s\u00e4\u00e4nn\u00f6nmukaiset luovutukset ja tietojen siirto EU:n tai ETA:n ulkopuolelle<\/strong><\/p><p>Tietoja ei luovuteta s\u00e4\u00e4nn\u00f6nmukaisesti muille tahoille. IT-j\u00e4rjestelmien teknisest\u00e4 toiminnasta johtuen osa rekistereist\u00e4 saattaa sijaita ulkoisen organisaation palvelinlaitteistolla.\u00a0<\/p><p>Tietoja ei siirret\u00e4 EU:n ja Euroopan talousalueen ulkopuolelle<\/p><p><strong>5. Rekisterin suojauksen periaatteet<\/strong><\/p><p>S\u00e4hk\u00f6isesti k\u00e4sitelt\u00e4v\u00e4n rekisterin sis\u00e4lt\u00e4mien tietojen suojana palomuurit. Lis\u00e4ksi rekisterit suojattu erilaisin k\u00e4ytt\u00e4j\u00e4tunnuksin ja salasanoin. Norren ty\u00f6ntekij\u00f6ill\u00e4 on p\u00e4\u00e4sy rekisterin sis\u00e4lt\u00e4miin tietoihin erikseen my\u00f6nnettyjen k\u00e4ytt\u00f6oikeuksien perusteella. Kullakin henkil\u00f6ll\u00e4 on p\u00e4\u00e4sy vain niihin tietoihin, joihin h\u00e4nell\u00e4 on oikeus ja h\u00e4n tarvitsee niit\u00e4 teht\u00e4v\u00e4ns\u00e4 hoitamiseen.<br \/>K\u00e4ytt\u00e4jien k\u00e4ytt\u00f6oikeuksia valvotaan sa\u0308a\u0308nno\u0308llisesti ja ne p\u00e4\u00e4ttyv\u00e4t henkil\u00f6n siirtyess\u00e4 pois teht\u00e4vist\u00e4, joita varten k\u00e4ytt\u00f6oikeus on annettu.<br \/>Koko Norren henkil\u00f6st\u00f6ll\u00e4 on salassapitovelvollisuus liittyen kaikkeen Norren asiakas\u2010 ja henkil\u00f6tietoihin.<br \/>Manuaalisesti ylla\u0308pidetta\u0308va\u0308t aineistot s\u00e4ilytet\u00e4\u00e4n lukituissa tiloissa.<\/p><p><strong>6. Henkil\u00f6tietojen s\u00e4ilytysajat<\/strong><\/p><p>Emme s\u00e4ilyt\u00e4 henkil\u00f6tietojasi pidemp\u00e4\u00e4n kuin on tarpeellista niiden k\u00e4ytt\u00f6tarkoitukselle tai kun sopimus tai laki vaatii. Henkil\u00f6tietojen s\u00e4ilytysajat voivat kuitenkin vaihdella k\u00e4ytt\u00f6tarkoituksesta riippuen. Pyrimme aika ajoin my\u00f6s p\u00e4ivitt\u00e4m\u00e4\u00e4n tietoja.<\/p><p><strong>7. Rekister\u00f6ityjen oikeudet<\/strong><\/p><p>Rekister\u00f6idyll\u00e4 on Euroopan Unionin tietosuoja\u2010asetuksen 15\u201022 \u00a7 mukaisesti oikeus:<br \/>1. henkil\u00f6tietojen tarkastamiseen<br \/>2. tietojen oikaisemiseen<br \/>3. tietojen poistamiseen<br \/>4. k\u00e4sittelyn rajoittamiseen<br \/>5. siirt\u00e4\u00e4 tiedot j\u00e4rjestelm\u00e4st\u00e4 toiseen<\/p><p>Joidenkin rekister\u00f6idyn oikeuksien toteuttamista saattaa rajoittaa jokin toinen pakottava lainsa\u0308a\u0308da\u0308nto\u0308 tai sopimus, jonka perusteella Noreella on oikeus ja velvollisuus kielt\u00e4yty\u00e4 perustellusti tietojen oikaisemisesta, poistamisesta, k\u00e4sittelyn rajoittamisesta tai siirt\u00e4misest\u00e4 j\u00e4rjestelm\u00e4st\u00e4 toiseen.<\/p><p>Mik\u00e4li henkil\u00f6 haluaa tarkistaa h\u00e4nest\u00e4 tallennetut tiedot tai vaatia niihin oikaisua, pyynt\u00f6 tulee l\u00e4hett\u00e4\u00e4 kirjallisena rekisterinpit\u00e4j\u00e4lle. Rekisterinpit\u00e4j\u00e4 voi pyyt\u00e4\u00e4 tarvittaessa pyynn\u00f6n esitt\u00e4j\u00e4\u00e4 todistamaan henkil\u00f6llisyytens\u00e4.<\/p>\t\t\t\t\t\t\t\t<\/div>\n\t\t\t\t<\/div>\n\t\t\t\t\t<\/div>\n\t\t<\/div>\n\t\t\t\t\t<\/div>\n\t\t<\/section>\n\t\t\t\t<\/div>","protected":false},"excerpt":{"rendered":"<p>Rekisterinpit\u00e4j\u00e4: Norre Ty\u00f6terveys Oulu OyLinnunrata 26, 90440 KempeleY-tunnus: 3341787-3 1. Henkil\u00f6tietojen k\u00e4sittelyn tarkoitus Henkil\u00f6tietojen k\u00e4sittelyn tarkoituksena on asiakassuhteen hoitaminen, asiakkaan ja rekisterinpit\u00e4j\u00e4n oikeuksien ja velvollisuuksien toteuttaminen. Henkil\u00f6tietoa tallennetaan ja k\u00e4sitell\u00e4\u00e4n Norren markkinoinnin ja myynnin suuntaamiseen asiakastietojen perusteella rekisterinpit\u00e4j\u00e4n viestimien ja palveluiden kautta, luovuttamatta henkil\u00f6tietoja ulkopuoliselle taholle. P\u00e4\u00e4asiallisia k\u00e4ytt\u00f6tarkoituksia ovat: \u2022 Sopimusvelvoitteidemme suorittaminen\u2022 Kontaktin luominen potentiaaliseen [&hellip;]<\/p>\n","protected":false},"author":3,"featured_media":3218,"parent":0,"menu_order":0,"comment_status":"closed","ping_status":"open","template":"elementor_header_footer","meta":{"_acf_changed":false,"footnotes":""},"class_list":["post-3","page","type-page","status-publish","has-post-thumbnail","hentry"],"acf":[],"yoast_head":"<!-- This site is optimized with the Yoast SEO plugin v27.2 - https:\/\/yoast.com\/product\/yoast-seo-wordpress\/ -->\n<title>Tietosuojaseloste - Norre Ty&ouml;terveys<\/title>\n<meta name=\"robots\" content=\"index, follow, max-snippet:-1, max-image-preview:large, max-video-preview:-1\" \/>\n<link rel=\"canonical\" href=\"https:\/\/norre.fi\/en\/tietosuojaseloste\/\" \/>\n<meta property=\"og:locale\" content=\"en_US\" \/>\n<meta property=\"og:type\" content=\"article\" \/>\n<meta property=\"og:title\" content=\"Tietosuojaseloste - Norre Ty&ouml;terveys\" \/>\n<meta property=\"og:description\" content=\"Rekisterinpit\u00e4j\u00e4: Norre Ty\u00f6terveys Oulu OyLinnunrata 26, 90440 KempeleY-tunnus: 3341787-3 1. Henkil\u00f6tietojen k\u00e4sittelyn tarkoitus Henkil\u00f6tietojen k\u00e4sittelyn tarkoituksena on asiakassuhteen hoitaminen, asiakkaan ja rekisterinpit\u00e4j\u00e4n oikeuksien ja velvollisuuksien toteuttaminen. Henkil\u00f6tietoa tallennetaan ja k\u00e4sitell\u00e4\u00e4n Norren markkinoinnin ja myynnin suuntaamiseen asiakastietojen perusteella rekisterinpit\u00e4j\u00e4n viestimien ja palveluiden kautta, luovuttamatta henkil\u00f6tietoja ulkopuoliselle taholle. P\u00e4\u00e4asiallisia k\u00e4ytt\u00f6tarkoituksia ovat: \u2022 Sopimusvelvoitteidemme suorittaminen\u2022 Kontaktin luominen potentiaaliseen [&hellip;]\" \/>\n<meta property=\"og:url\" content=\"https:\/\/norre.fi\/en\/tietosuojaseloste\/\" \/>\n<meta property=\"og:site_name\" content=\"Norre Ty&ouml;terveys\" \/>\n<meta property=\"article:modified_time\" content=\"2026-03-27T18:12:49+00:00\" \/>\n<meta property=\"og:image\" content=\"https:\/\/norre.fi\/wp-content\/uploads\/2023\/11\/kirjoituskuva-1-scaled.webp\" \/>\n\t<meta property=\"og:image:width\" content=\"1920\" \/>\n\t<meta property=\"og:image:height\" content=\"595\" \/>\n\t<meta property=\"og:image:type\" content=\"image\/webp\" \/>\n<meta name=\"twitter:card\" content=\"summary_large_image\" \/>\n<meta name=\"twitter:label1\" content=\"Est. reading time\" \/>\n\t<meta name=\"twitter:data1\" content=\"3 minutes\" \/>\n<script type=\"application\/ld+json\" class=\"yoast-schema-graph\">{\"@context\":\"https:\/\/schema.org\",\"@graph\":[{\"@type\":\"WebPage\",\"@id\":\"https:\/\/norre.fi\/tietosuojaseloste\/\",\"url\":\"https:\/\/norre.fi\/tietosuojaseloste\/\",\"name\":\"Tietosuojaseloste - Norre Ty&ouml;terveys\",\"isPartOf\":{\"@id\":\"https:\/\/norre.fi\/#website\"},\"primaryImageOfPage\":{\"@id\":\"https:\/\/norre.fi\/tietosuojaseloste\/#primaryimage\"},\"image\":{\"@id\":\"https:\/\/norre.fi\/tietosuojaseloste\/#primaryimage\"},\"thumbnailUrl\":\"https:\/\/norre.fi\/wp-content\/uploads\/2023\/11\/kirjoituskuva-1-scaled.webp\",\"datePublished\":\"2020-02-24T12:14:03+00:00\",\"dateModified\":\"2026-03-27T18:12:49+00:00\",\"breadcrumb\":{\"@id\":\"https:\/\/norre.fi\/tietosuojaseloste\/#breadcrumb\"},\"inLanguage\":\"en-US\",\"potentialAction\":[{\"@type\":\"ReadAction\",\"target\":[\"https:\/\/norre.fi\/tietosuojaseloste\/\"]}]},{\"@type\":\"ImageObject\",\"inLanguage\":\"en-US\",\"@id\":\"https:\/\/norre.fi\/tietosuojaseloste\/#primaryimage\",\"url\":\"https:\/\/norre.fi\/wp-content\/uploads\/2023\/11\/kirjoituskuva-1-scaled.webp\",\"contentUrl\":\"https:\/\/norre.fi\/wp-content\/uploads\/2023\/11\/kirjoituskuva-1-scaled.webp\",\"width\":1920,\"height\":595,\"caption\":\"Kirjoituskuva\"},{\"@type\":\"BreadcrumbList\",\"@id\":\"https:\/\/norre.fi\/tietosuojaseloste\/#breadcrumb\",\"itemListElement\":[{\"@type\":\"ListItem\",\"position\":1,\"name\":\"Etusivu\",\"item\":\"https:\/\/norre.fi\/\"},{\"@type\":\"ListItem\",\"position\":2,\"name\":\"Tietosuojaseloste\"}]},{\"@type\":\"WebSite\",\"@id\":\"https:\/\/norre.fi\/#website\",\"url\":\"https:\/\/norre.fi\/\",\"name\":\"Norre Ty&ouml;terveys\",\"description\":\"Tule kanssamme uudistamaan ty&ouml;terveysalaa!\",\"publisher\":{\"@id\":\"https:\/\/norre.fi\/#organization\"},\"potentialAction\":[{\"@type\":\"SearchAction\",\"target\":{\"@type\":\"EntryPoint\",\"urlTemplate\":\"https:\/\/norre.fi\/?s={search_term_string}\"},\"query-input\":{\"@type\":\"PropertyValueSpecification\",\"valueRequired\":true,\"valueName\":\"search_term_string\"}}],\"inLanguage\":\"en-US\"},{\"@type\":\"Organization\",\"@id\":\"https:\/\/norre.fi\/#organization\",\"name\":\"Norre Ty\u00f6terveys Oy\",\"url\":\"https:\/\/norre.fi\/\",\"logo\":{\"@type\":\"ImageObject\",\"inLanguage\":\"en-US\",\"@id\":\"https:\/\/norre.fi\/#\/schema\/logo\/image\/\",\"url\":\"https:\/\/norre.fi\/wp-content\/uploads\/2020\/08\/norre-logo.svg\",\"contentUrl\":\"https:\/\/norre.fi\/wp-content\/uploads\/2020\/08\/norre-logo.svg\",\"caption\":\"Norre Ty\u00f6terveys Oy\"},\"image\":{\"@id\":\"https:\/\/norre.fi\/#\/schema\/logo\/image\/\"},\"sameAs\":[\"https:\/\/www.linkedin.com\/company\/norre-tyterveys\/\"]}]}<\/script>\n<!-- \/ Yoast SEO plugin. -->","yoast_head_json":{"title":"Tietosuojaseloste - Norre Ty&ouml;terveys","robots":{"index":"index","follow":"follow","max-snippet":"max-snippet:-1","max-image-preview":"max-image-preview:large","max-video-preview":"max-video-preview:-1"},"canonical":"https:\/\/norre.fi\/en\/tietosuojaseloste\/","og_locale":"en_US","og_type":"article","og_title":"Tietosuojaseloste - Norre Ty&ouml;terveys","og_description":"Rekisterinpit\u00e4j\u00e4: Norre Ty\u00f6terveys Oulu OyLinnunrata 26, 90440 KempeleY-tunnus: 3341787-3 1. Henkil\u00f6tietojen k\u00e4sittelyn tarkoitus Henkil\u00f6tietojen k\u00e4sittelyn tarkoituksena on asiakassuhteen hoitaminen, asiakkaan ja rekisterinpit\u00e4j\u00e4n oikeuksien ja velvollisuuksien toteuttaminen. Henkil\u00f6tietoa tallennetaan ja k\u00e4sitell\u00e4\u00e4n Norren markkinoinnin ja myynnin suuntaamiseen asiakastietojen perusteella rekisterinpit\u00e4j\u00e4n viestimien ja palveluiden kautta, luovuttamatta henkil\u00f6tietoja ulkopuoliselle taholle. P\u00e4\u00e4asiallisia k\u00e4ytt\u00f6tarkoituksia ovat: \u2022 Sopimusvelvoitteidemme suorittaminen\u2022 Kontaktin luominen potentiaaliseen [&hellip;]","og_url":"https:\/\/norre.fi\/en\/tietosuojaseloste\/","og_site_name":"Norre Ty&ouml;terveys","article_modified_time":"2026-03-27T18:12:49+00:00","og_image":[{"width":1920,"height":595,"url":"https:\/\/norre.fi\/wp-content\/uploads\/2023\/11\/kirjoituskuva-1-scaled.webp","type":"image\/webp"}],"twitter_card":"summary_large_image","twitter_misc":{"Est. reading time":"3 minutes"},"schema":{"@context":"https:\/\/schema.org","@graph":[{"@type":"WebPage","@id":"https:\/\/norre.fi\/tietosuojaseloste\/","url":"https:\/\/norre.fi\/tietosuojaseloste\/","name":"Tietosuojaseloste - Norre Ty&ouml;terveys","isPartOf":{"@id":"https:\/\/norre.fi\/#website"},"primaryImageOfPage":{"@id":"https:\/\/norre.fi\/tietosuojaseloste\/#primaryimage"},"image":{"@id":"https:\/\/norre.fi\/tietosuojaseloste\/#primaryimage"},"thumbnailUrl":"https:\/\/norre.fi\/wp-content\/uploads\/2023\/11\/kirjoituskuva-1-scaled.webp","datePublished":"2020-02-24T12:14:03+00:00","dateModified":"2026-03-27T18:12:49+00:00","breadcrumb":{"@id":"https:\/\/norre.fi\/tietosuojaseloste\/#breadcrumb"},"inLanguage":"en-US","potentialAction":[{"@type":"ReadAction","target":["https:\/\/norre.fi\/tietosuojaseloste\/"]}]},{"@type":"ImageObject","inLanguage":"en-US","@id":"https:\/\/norre.fi\/tietosuojaseloste\/#primaryimage","url":"https:\/\/norre.fi\/wp-content\/uploads\/2023\/11\/kirjoituskuva-1-scaled.webp","contentUrl":"https:\/\/norre.fi\/wp-content\/uploads\/2023\/11\/kirjoituskuva-1-scaled.webp","width":1920,"height":595,"caption":"Kirjoituskuva"},{"@type":"BreadcrumbList","@id":"https:\/\/norre.fi\/tietosuojaseloste\/#breadcrumb","itemListElement":[{"@type":"ListItem","position":1,"name":"Etusivu","item":"https:\/\/norre.fi\/"},{"@type":"ListItem","position":2,"name":"Tietosuojaseloste"}]},{"@type":"WebSite","@id":"https:\/\/norre.fi\/#website","url":"https:\/\/norre.fi\/","name":"Norre Ty&ouml;terveys","description":"Tule kanssamme uudistamaan ty&ouml;terveysalaa!","publisher":{"@id":"https:\/\/norre.fi\/#organization"},"potentialAction":[{"@type":"SearchAction","target":{"@type":"EntryPoint","urlTemplate":"https:\/\/norre.fi\/?s={search_term_string}"},"query-input":{"@type":"PropertyValueSpecification","valueRequired":true,"valueName":"search_term_string"}}],"inLanguage":"en-US"},{"@type":"Organization","@id":"https:\/\/norre.fi\/#organization","name":"Norre Ty\u00f6terveys Oy","url":"https:\/\/norre.fi\/","logo":{"@type":"ImageObject","inLanguage":"en-US","@id":"https:\/\/norre.fi\/#\/schema\/logo\/image\/","url":"https:\/\/norre.fi\/wp-content\/uploads\/2020\/08\/norre-logo.svg","contentUrl":"https:\/\/norre.fi\/wp-content\/uploads\/2020\/08\/norre-logo.svg","caption":"Norre Ty\u00f6terveys Oy"},"image":{"@id":"https:\/\/norre.fi\/#\/schema\/logo\/image\/"},"sameAs":["https:\/\/www.linkedin.com\/company\/norre-tyterveys\/"]}]}},"_links":{"self":[{"href":"https:\/\/norre.fi\/en\/wp-json\/wp\/v2\/pages\/3","targetHints":{"allow":["GET"]}}],"collection":[{"href":"https:\/\/norre.fi\/en\/wp-json\/wp\/v2\/pages"}],"about":[{"href":"https:\/\/norre.fi\/en\/wp-json\/wp\/v2\/types\/page"}],"author":[{"embeddable":true,"href":"https:\/\/norre.fi\/en\/wp-json\/wp\/v2\/users\/3"}],"replies":[{"embeddable":true,"href":"https:\/\/norre.fi\/en\/wp-json\/wp\/v2\/comments?post=3"}],"version-history":[{"count":41,"href":"https:\/\/norre.fi\/en\/wp-json\/wp\/v2\/pages\/3\/revisions"}],"predecessor-version":[{"id":5624,"href":"https:\/\/norre.fi\/en\/wp-json\/wp\/v2\/pages\/3\/revisions\/5624"}],"wp:featuredmedia":[{"embeddable":true,"href":"https:\/\/norre.fi\/en\/wp-json\/wp\/v2\/media\/3218"}],"wp:attachment":[{"href":"https:\/\/norre.fi\/en\/wp-json\/wp\/v2\/media?parent=3"}],"curies":[{"name":"wp","href":"https:\/\/api.w.org\/{rel}","templated":true}]}}